{"id":2080,"date":"2015-11-24T12:06:23","date_gmt":"2015-11-24T12:06:23","guid":{"rendered":"http:\/\/cdn1.crumina.net\/omni\/?page_id=2080"},"modified":"2026-03-10T13:52:33","modified_gmt":"2026-03-10T17:52:33","slug":"mina-providers","status":"publish","type":"page","link":"https:\/\/minaapp.com\/for-providers\/","title":{"rendered":"M\u012aNA Providers"},"content":{"rendered":"<div class=\"wpb-content-wrapper\"><p>[vc_row full_width=&#8221;stretch_row_content_no_spaces&#8221; full_height=&#8221;yes&#8221; parallax=&#8221;bg_fix&#8221; el_id=&#8221;home-tabs&#8221;][vc_column]<div class=\"new-block poster-slider no-padding \"><div class=\"swiper-container horizontal-pagination\" data-autoplay=\"5000000\" data-loop=\"1\" data-speed=\"600\" data-center=\"0\" data-slides-per-view=\"1\" ><div class=\"swiper-wrapper\"><div class=\"swiper-slide\"><img decoding=\"async\" src=\"https:\/\/minaapp.com\/for-providers\/wp-content\/uploads\/2022\/05\/portrait-of-multi-cultural-medical-team-standing-i-2022-02-02-04-51-49-utc-1-1920x1080_c.jpg\" class=\"center-image\" alt=\"\" \/><div class=\"center-tagline\"><div class=\"container \"><div class=\"row\"><div class=\"col-md-6 banner-text \"><div class=\"banner-article\"><h1 class=\"title\">TRUST M\u012aNA<\/h1><div class=\"description\">We believe that having access to accurate healthcare is important. M\u012aNA was created so that no matter who you are, or where you are, patients can communicate their health information safely and accurately to the professionals who are dedicated to saving lives.<\/div><a class=\"button default-color\" href=\"https:\/\/minaapp.com\/for-providers\/schedule-demo\/\"><span>SCHEDULE A DEMO TODAY<\/span><\/a><\/div><\/div><\/div><\/div><\/div><\/div><div class=\"swiper-slide\"><img decoding=\"async\" src=\"https:\/\/minaapp.com\/for-providers\/wp-content\/uploads\/2022\/05\/doctor-and-patient-in-waiting-room-2022-03-08-01-28-01-utc-1920x1080_c.jpg\" class=\"center-image\" alt=\"\" \/><div class=\"center-tagline\"><div class=\"container \"><div class=\"row\"><div class=\"col-md-6 banner-text \"><div class=\"banner-article\"><h1 class=\"title\">NO MORE WAITING<\/h1><div class=\"description\">Say good-bye to patients completing redundant health forms in your waiting room. With our unique patented QR code, patients can quickly scan and upload their health histories prior or at time of visit, allowing them to see you quicker. Happy patient, happy receptionist, happy doctor.<\/div><a class=\"button default-color\" href=\"https:\/\/minaapp.com\/for-providers\/schedule-demo\/\"><span>SCHEDULE A DEMO TODAY<\/span><\/a><\/div><\/div><\/div><\/div><\/div><\/div><div class=\"swiper-slide\"><img decoding=\"async\" src=\"https:\/\/minaapp.com\/for-providers\/wp-content\/uploads\/2022\/05\/portrait-of-professional-medical-surgeon-man-stand-2021-10-28-21-20-18-utc-1920x1080_c.jpg\" class=\"center-image\" alt=\"\" \/><div class=\"center-tagline\"><div class=\"container \"><div class=\"row\"><div class=\"col-md-6 banner-text \"><div class=\"banner-article\"><h1 class=\"title\">UNIVERSAL SOLUTION<\/h1><div class=\"description\">M\u012aNA works with all platforms regardless of the electronic medical record platform you use. Our untethered system means M\u012aNA can be used by ANY provider, even if you are still using paper charts. Integrate M\u012aNA into your practice or hospital and start seeing the benefits.<\/div><a class=\"button default-color\" href=\"https:\/\/minaapp.com\/for-providers\/schedule-demo\/\"><span>SCHEDULE A DEMO TODAY<\/span><\/a><\/div><\/div><\/div><\/div><\/div><\/div><\/div><div class=\"pagination\"><\/div><div class=\"banner-tabs\"><div class=\"container\"><div class=\"row\"><div class=\"entry active col-md-3 wow fadeInLeft\" data-wow-delay=\"0s\" data-paginate=\"0\"><span class=\"title\">TRUST M\u012aNA<\/span> <span class=\"description\">An app that can be trusted<\/span><\/div><div class=\"entry  col-md-3 wow fadeInLeft\" data-wow-delay=\"0.3s\" data-paginate=\"1\"><span class=\"title\">HAPPY PATIENTS<\/span> <span class=\"description\">No More Waiting<\/span><\/div><div class=\"entry  col-md-3 wow fadeInLeft\" data-wow-delay=\"0.6s\" data-paginate=\"2\"><span class=\"title\">FOR PROVIDERS<\/span> <span class=\"description\">Universal Integration<\/span><\/div><\/div><\/div><\/div><\/div><\/div>[\/vc_column][\/vc_row][vc_row el_id=&#8221;how-tabs&#8221;][vc_column width=&#8221;1\/2&#8243; animated=&#8221;fadeInLeft&#8221; css=&#8221;.vc_custom_1651503167814{background-position: center !important;background-repeat: no-repeat !important;background-size: contain !important;}&#8221;][vc_empty_space height=&#8221;100px&#8221;][vc_single_image image=&#8221;4449&#8243; img_size=&#8221;full&#8221;][vc_empty_space height=&#8221;80px&#8221;][\/vc_column][vc_column width=&#8221;1\/2&#8243;][vc_empty_space height=&#8221;100px&#8221;][vc_custom_heading text=&#8221;BECOME A PART OF A GROWING NETWORK OF PROVIDERS&#8221; text_marker=&#8221;1&#8243; marker_color=&#8221;#fbc011&#8243; font_container=&#8221;tag:h2|text_align:left|color:%23320035&#8243; animated=&#8221;fadeInRight&#8221;][vc_empty_space height=&#8221;40px&#8221;]<div class=\" icon-text-description-entry wow flipInX icon_left_title\" data-wow-delay=\"0s\" style=\"color:#222222\"><i class=\"fas fa-tv\" style=\"font-size: 30px; line-height: 30px; width:30px;color:#fbc011\"><\/i><div class=\"small\"><div class=\"info-box-title\">Technical Support<\/div><p><span style=\"color: #777777;\">Have a question or need some help? You can email our customer service support team at <a href=\"http:\/\/customerservice@M\u012aNAapp.com\">customerservice@M\u012aNAapp.com<\/a> or for technical support call 1-800-895-M\u012aNA.<\/span><\/p>\n<\/div><\/div><div class=\" icon-text-description-entry wow flipInX icon_left_title\" data-wow-delay=\"0s\" style=\"color:#222222\"><i class=\"fas fa-mobile-alt\" style=\"font-size: 30px; line-height: 30px; width:30px;color:#fbc011\"><\/i><div class=\"small\"><div class=\"info-box-title\">Future Updates<\/div><p><span style=\"color: #777777;\">\u2022 Additional languages to be added<br \/>\n<\/span><span style=\"color: #777777;\">\u2022 Future plans for EMR integration<br \/>\n<\/span><span style=\"color: #777777;\">\u2022 Condensed version of M\u012aNA temp for specialists or other providers<br \/>\n<\/span><span style=\"color: #777777;\">\u2022 Specialty specific M\u012aNA reader software<\/span><\/p>\n<\/div><\/div>[\/vc_column][\/vc_row][vc_row full_width=&#8221;stretch_row&#8221; parallax=&#8221;bg_fix&#8221; enable_overlay=&#8221;1&#8243; css=&#8221;.vc_custom_1652910495818{background-image: url(https:\/\/minaapp.com\/for-providers\/wp-content\/uploads\/2022\/05\/professional-medical-specialist-using-laptop-at-wo-2021-09-04-08-13-20-utc.jpg?id=4984) !important;background-position: center;background-repeat: no-repeat !important;background-size: cover !important;}&#8221; font_color=&#8221;#ffffff&#8221; el_class=&#8221;text-opacity-80&#8243; el_id=&#8221;how-it-works&#8221;][vc_column][vc_empty_space height=&#8221;150px&#8221;][vc_custom_heading text=&#8221;How It Works&#8221; text_marker=&#8221;1&#8243; marker_align=&#8221;center&#8221; marker_color=&#8221;&#8221; font_container=&#8221;tag:h2|text_align:center|color:%23ffffff&#8221; animated=&#8221;flipInX&#8221; animation_delay=&#8221;0.6&#8243; text_align=&#8221;center&#8221;][vc_empty_space height=&#8221;40px&#8221;][vc_column_text animated=&#8221;flipInX&#8221; animation_delay=&#8221;0.6&#8243;]<\/p>\n<p style=\"text-align: center;\">When the patient visits their physician, dentist, chiropractor, or any other health care provider, they present their personalized QR image. The highly encrypted and specific QR image is then scanned by the provider which prompts the physician to select information desired.<\/p>\n<p>[\/vc_column_text][vc_row_inner][vc_column_inner offset=&#8221;vc_col-lg-offset-4 vc_col-lg-3&#8243; css=&#8221;.vc_custom_1449569666476{margin-bottom: -240px !important;}&#8221;]<div class=\"marvel-device-wrap wow fadeInUp \" data-wow-delay=\"0s\"><div class=\"marvel-device iphone6plus black\"><div class=\"top-bar\"><\/div><div class=\"sleep\"><\/div><div class=\"volume\"><\/div><div class=\"camera\"><\/div><div class=\"sensor\"><\/div><div class=\"speaker\"><\/div><div class=\"screen\"><\/div><div class=\"home\"><\/div><div class=\"bottom-bar\"><\/div><\/div><div id = phoneslider69ecbd6b59d43 class=\"iphone-image-wrap\"><div class=\"swiper-wrapper\"><div class=\"swiper-slide\"><img decoding=\"async\" src=\"https:\/\/minaapp.com\/for-providers\/wp-content\/uploads\/2022\/03\/1.Startup-screen-with-logo-236x412_c.png\" alt=\"1.Startup screen (with logo)\" \/><\/div><div class=\"swiper-slide\"><img decoding=\"async\" src=\"https:\/\/minaapp.com\/for-providers\/wp-content\/uploads\/2022\/03\/3.PINpass-code-screen-236x412_c.png\" alt=\"3.PIN:pass code screen\" \/><\/div><div class=\"swiper-slide\"><img decoding=\"async\" src=\"https:\/\/minaapp.com\/for-providers\/wp-content\/uploads\/2022\/03\/2.Security-question-screen-236x412_c.png\" alt=\"2.Security question screen\" \/><\/div><div class=\"swiper-slide\"><img decoding=\"async\" src=\"https:\/\/minaapp.com\/for-providers\/wp-content\/uploads\/2022\/03\/6.Personal-Info-screen-236x412_c.png\" alt=\"6.Personal Info screen\" \/><\/div><div class=\"swiper-slide\"><img decoding=\"async\" src=\"https:\/\/minaapp.com\/for-providers\/wp-content\/uploads\/2022\/03\/7.Insurance-screen-236x412_c.png\" alt=\"7.Insurance screen\" \/><\/div><div class=\"swiper-slide\"><img decoding=\"async\" src=\"https:\/\/minaapp.com\/for-providers\/wp-content\/uploads\/2022\/03\/5.Summary-screen-236x412_c.png\" alt=\"5.Summary screen\" \/><\/div><div class=\"swiper-slide\"><img decoding=\"async\" src=\"https:\/\/minaapp.com\/for-providers\/wp-content\/uploads\/2022\/03\/4.Profile-screen-236x412_c.png\" alt=\"4.Profile screen\" \/><\/div><div class=\"swiper-slide\"><img decoding=\"async\" src=\"https:\/\/minaapp.com\/for-providers\/wp-content\/uploads\/2022\/03\/8.Past-Medical-History-Screen-236x412_c.png\" alt=\"8.Past Medical History Screen\" \/><\/div><div class=\"swiper-slide\"><img decoding=\"async\" src=\"https:\/\/minaapp.com\/for-providers\/wp-content\/uploads\/2022\/03\/9.Allergies-screen-236x412_c.png\" alt=\"9.Allergies screen\" \/><\/div><div class=\"swiper-slide\"><img decoding=\"async\" src=\"https:\/\/minaapp.com\/for-providers\/wp-content\/uploads\/2022\/03\/10.Medications-screen-236x412_c.png\" alt=\"10.Medications screen\" \/><\/div><div class=\"swiper-slide\"><img decoding=\"async\" src=\"https:\/\/minaapp.com\/for-providers\/wp-content\/uploads\/2022\/03\/11.Social-history-screen-236x412_c.png\" alt=\"11.Social history screen\" \/><\/div><div class=\"swiper-slide\"><img decoding=\"async\" src=\"https:\/\/minaapp.com\/for-providers\/wp-content\/uploads\/2022\/03\/12.Review-of-systems-screen-236x412_c.png\" alt=\"12.Review of systems screen\" \/><\/div><div class=\"swiper-slide\"><img decoding=\"async\" src=\"https:\/\/minaapp.com\/for-providers\/wp-content\/uploads\/2022\/03\/13.Health-screening-screen-236x412_c.png\" alt=\"13.Health screening screen\" \/><\/div><div class=\"swiper-slide\"><img decoding=\"async\" src=\"https:\/\/minaapp.com\/for-providers\/wp-content\/uploads\/2022\/03\/14.MINA-code-screen-236x412_c.png\" alt=\"14.MINA code screen\" \/><\/div><\/div><\/div><\/div>\t\t\t<script>\r\n\t\t\t\tjQuery(document).ready(function(){\r\n\t\t\t\t\tvar phone_slider = new Swiper('#phoneslider69ecbd6b59d43', {\r\n\t\t\t\t\t\tslidesPerView: 1,\r\n\t\t\t\t\t\tspaceBetween: 0,\r\n\t\t\t\t\t\tloop: true,\r\n\t\t\t\t\t\tdirection: 'horizontal',\r\n                        effect: 'fade',\r\n                        fade: {\r\n                            crossFade: true\r\n                        },\r\n\t\t\t\t\t\tautoplay: 3000,\r\n\t\t\t\t\t\tspeed: 600\t\t\t\t\t});\r\n\t\t\t\t});\r\n\t\t\t<\/script>\r\n\t\t\t[\/vc_column_inner][\/vc_row_inner][\/vc_column][\/vc_row][vc_row][vc_column][vc_empty_space height=&#8221;140px&#8221;][\/vc_column][\/vc_row][vc_row][vc_column width=&#8221;1\/2&#8243;]<div class=\" little-img-text-entry wow flipInY icon_left\" data-wow-delay=\"0s\" style=\"color:#222222\"><i class=\"vc_li vc_li-settings\" style=\"font-size: 50px; line-height: 50px; width:50px;color:#fbc011\"><\/i><div class=\"small\"><div class=\"info-box-title\">Installation\/Set-Up<\/div><p>For a one-time installation fee, a M\u012aNA representative will install the software directly onto selected computers for your use. If necessary, hardware (including scanners and M\u012aNA Temp iPads) will also be setup for use for an additional fee. The installation includes the smartphone app for all patients, software install, hardware install, training, IT support and upgrade support, and more.<\/p>\n<\/div><\/div>[vc_empty_space][\/vc_column][vc_column width=&#8221;1\/2&#8243;]<div class=\" little-img-text-entry wow flipInY icon_left\" data-wow-delay=\"0s\" style=\"color:#222222\"><i class=\"vc_li vc_li-paperplane\" style=\"font-size: 50px; line-height: 50px; width:50px;color:#fbc011\"><\/i><div class=\"small\"><div class=\"info-box-title\">On-Boarding<\/div><p>Licensing is affordable and determined by the number of workstations used for M\u012aNA. Monthly and 5 year plans are available for purchase. Participating M\u012aNA sites\/offices will be listed on our website for easy patient identification.<\/p>\n<\/div><\/div>[\/vc_column][\/vc_row][vc_row][vc_column width=&#8221;1\/2&#8243;]<div class=\" little-img-text-entry wow flipInY icon_left\" data-wow-delay=\"0s\" style=\"color:#222222\"><i class=\"fas fa-life-ring\" style=\"font-size: 50px; line-height: 50px; width:50px;color:#fbc011\"><\/i><div class=\"small\"><div class=\"info-box-title\">Tech Support<\/div><p>As part of the installation fee, you receive staff education and in-service training, IT support, up to 2 hours of 1-on-1 patient support at the time of install, and upgrade support for all new versions of the reader software. Contact us at <a href=\"mailto:customerservice@minaapp.com\">customerservice@minaapp.com<\/a> or 800-895-MINA.<\/p>\n<\/div><\/div>[vc_empty_space height=&#8221;40px&#8221;][\/vc_column][vc_column width=&#8221;1\/2&#8243;]<div class=\" little-img-text-entry wow flipInY icon_left\" data-wow-delay=\"0s\" style=\"color:#222222\"><i class=\"fas fa-wrench\" style=\"font-size: 50px; line-height: 50px; width:50px;color:#fbc011\"><\/i><div class=\"small\"><div class=\"info-box-title\">Software Updates<\/div><p>Every site that is licensed to use M\u012aNA will receive any updates to software at no further cost.<\/p>\n<\/div><\/div>[\/vc_column][\/vc_row][vc_row][vc_column]<div class=\"text-center\"><a class=\" button  default-color  \"  href=\"https:\/\/minaapp.com\/for-providers\/schedule-demo\/\" ><span> SCHEDULE A DEMO TODAY<\/span><\/a><\/div>[vc_empty_space height=&#8221;140px&#8221;][\/vc_column][\/vc_row][vc_row full_width=&#8221;stretch_row&#8221; parallax=&#8221;bg_fix&#8221; enable_overlay=&#8221;1&#8243; css=&#8221;.vc_custom_1647983110818{margin-bottom: 0px !important;background-image: url(https:\/\/minaapp.com\/for-providers\/wp-content\/uploads\/2022\/03\/banner_11-1920x1080_c.jpg?id=4652) !important;background-position: center;background-repeat: no-repeat !important;background-size: cover !important;}&#8221; overlay_color=&#8221;rgba(51,0,51,0.79)&#8221; font_color=&#8221;#ffffff&#8221; el_id=&#8221;newsletter-app-screen&#8221;][vc_column][vc_empty_space height=&#8221;120px&#8221;][vc_custom_heading text=&#8221;Join Our Community&#8221; text_marker=&#8221;1&#8243; marker_align=&#8221;center&#8221; marker_color=&#8221;&#8221; font_container=&#8221;tag:h2|text_align:center|color:%23ffffff&#8221; text_align=&#8221;center&#8221;][vc_empty_space height=&#8221;20px&#8221;][vc_column_text el_class=&#8221;text-opacity-80&#8243;]<\/p>\n<p style=\"text-align: center;\">GET NOTIFIED OF NEW UPDATES<\/p>\n<p>[\/vc_column_text][vc_empty_space height=&#8221;20px&#8221;][vc_raw_html el_class=&#8221;centered-block22&#8243;]JTVCbWM0d3BfZm9ybSUyMGlkJTNENTUwMiU1RA==[\/vc_raw_html][vc_empty_space height=&#8221;160px&#8221;][\/vc_column][\/vc_row]<\/p>\n<\/div>","protected":false},"excerpt":{"rendered":"<p>[vc_row full_width=&#8221;stretch_row_content_no_spaces&#8221; full_height=&#8221;yes&#8221; parallax=&#8221;bg_fix&#8221; el_id=&#8221;home-tabs&#8221;][vc_column][\/vc_column][\/vc_row][vc_row el_id=&#8221;how-tabs&#8221;][vc_column width=&#8221;1\/2&#8243; animated=&#8221;fadeInLeft&#8221; css=&#8221;.vc_custom_1651503167814{background-position: center !important;background-repeat: no-repeat !important;background-size: contain !important;}&#8221;][vc_empty_space height=&#8221;100px&#8221;][vc_single_image image=&#8221;4449&#8243; img_size=&#8221;full&#8221;][vc_empty_space height=&#8221;80px&#8221;][\/vc_column][vc_column width=&#8221;1\/2&#8243;][vc_empty_space height=&#8221;100px&#8221;][vc_custom_heading text=&#8221;BECOME A PART OF A GROWING NETWORK OF PROVIDERS&#8221; text_marker=&#8221;1&#8243; marker_color=&#8221;#fbc011&#8243; font_container=&#8221;tag:h2|text_align:left|color:%23320035&#8243; animated=&#8221;fadeInRight&#8221;][vc_empty_space height=&#8221;40px&#8221;][\/vc_column][\/vc_row][vc_row full_width=&#8221;stretch_row&#8221; parallax=&#8221;bg_fix&#8221; enable_overlay=&#8221;1&#8243; css=&#8221;.vc_custom_1652910495818{background-image: url(https:\/\/minaapp.com\/for-providers\/wp-content\/uploads\/2022\/05\/professional-medical-specialist-using-laptop-at-wo-2021-09-04-08-13-20-utc.jpg?id=4984) !important;background-position: center;background-repeat: no-repeat !important;background-size: cover !important;}&#8221; font_color=&#8221;#ffffff&#8221; el_class=&#8221;text-opacity-80&#8243; el_id=&#8221;how-it-works&#8221;][vc_column][vc_empty_space height=&#8221;150px&#8221;][vc_custom_heading text=&#8221;How It Works&#8221; text_marker=&#8221;1&#8243; marker_align=&#8221;center&#8221;<a href=\"https:\/\/minaapp.com\/for-providers\/\" class=\"button size-2\">Continue reading <span class=\"screen-reader-text\">&#8220;M\u012aNA Providers&#8221;<\/span><\/a><\/p>\n","protected":false},"author":1,"featured_media":0,"parent":0,"menu_order":0,"comment_status":"closed","ping_status":"closed","template":"","meta":{"footnotes":""},"class_list":["post-2080","page","type-page","status-publish","hentry"],"yoast_head":"<!-- This site is optimized with the Yoast SEO plugin v27.4 - https:\/\/yoast.com\/product\/yoast-seo-wordpress\/ -->\n<title>M\u012aNA Providers - MINA For Providers<\/title>\n<meta name=\"description\" content=\"M\u012aNA Providers. When the patient visits their health care provider, they present their personalized QR image.\" \/>\n<meta name=\"robots\" content=\"index, follow, max-snippet:-1, max-image-preview:large, max-video-preview:-1\" \/>\n<link rel=\"canonical\" href=\"https:\/\/minaapp.com\/for-providers\/\" \/>\n<meta property=\"og:locale\" content=\"en_US\" \/>\n<meta property=\"og:type\" content=\"article\" \/>\n<meta property=\"og:title\" content=\"M\u012aNA Providers - MINA For Providers\" \/>\n<meta property=\"og:description\" content=\"M\u012aNA Providers. When the patient visits their health care provider, they present their personalized QR image.\" \/>\n<meta property=\"og:url\" content=\"https:\/\/minaapp.com\/for-providers\/\" \/>\n<meta property=\"og:site_name\" content=\"MINA For Providers\" \/>\n<meta property=\"article:publisher\" content=\"https:\/\/www.facebook.com\/MNA-Health-411349269052233\/\" \/>\n<meta property=\"article:modified_time\" content=\"2026-03-10T17:52:33+00:00\" \/>\n<meta name=\"twitter:card\" content=\"summary_large_image\" \/>\n<meta name=\"twitter:site\" content=\"@MINAHealth\" \/>\n<meta name=\"twitter:label1\" content=\"Est. reading time\" \/>\n\t<meta name=\"twitter:data1\" content=\"3 minutes\" \/>\n<script type=\"application\/ld+json\" class=\"yoast-schema-graph\">{\"@context\":\"https:\\\/\\\/schema.org\",\"@graph\":[{\"@type\":\"WebPage\",\"@id\":\"https:\\\/\\\/minaapp.com\\\/for-providers\\\/\",\"url\":\"https:\\\/\\\/minaapp.com\\\/for-providers\\\/\",\"name\":\"M\u012aNA Providers - MINA For Providers\",\"isPartOf\":{\"@id\":\"https:\\\/\\\/minaapp.com\\\/for-providers\\\/#website\"},\"datePublished\":\"2015-11-24T12:06:23+00:00\",\"dateModified\":\"2026-03-10T17:52:33+00:00\",\"description\":\"M\u012aNA Providers. When the patient visits their health care provider, they present their personalized QR image.\",\"breadcrumb\":{\"@id\":\"https:\\\/\\\/minaapp.com\\\/for-providers\\\/#breadcrumb\"},\"inLanguage\":\"en-US\",\"potentialAction\":[{\"@type\":\"ReadAction\",\"target\":[\"https:\\\/\\\/minaapp.com\\\/for-providers\\\/\"]}]},{\"@type\":\"BreadcrumbList\",\"@id\":\"https:\\\/\\\/minaapp.com\\\/for-providers\\\/#breadcrumb\",\"itemListElement\":[{\"@type\":\"ListItem\",\"position\":1,\"name\":\"Home\",\"item\":\"https:\\\/\\\/minaapp.com\\\/for-providers\\\/\"},{\"@type\":\"ListItem\",\"position\":2,\"name\":\"M\u012aNA Providers\"}]},{\"@type\":\"WebSite\",\"@id\":\"https:\\\/\\\/minaapp.com\\\/for-providers\\\/#website\",\"url\":\"https:\\\/\\\/minaapp.com\\\/for-providers\\\/\",\"name\":\"MINA For Providers\",\"description\":\"Innovating Your Health Blueprint\",\"publisher\":{\"@id\":\"https:\\\/\\\/minaapp.com\\\/for-providers\\\/#organization\"},\"potentialAction\":[{\"@type\":\"SearchAction\",\"target\":{\"@type\":\"EntryPoint\",\"urlTemplate\":\"https:\\\/\\\/minaapp.com\\\/for-providers\\\/?s={search_term_string}\"},\"query-input\":{\"@type\":\"PropertyValueSpecification\",\"valueRequired\":true,\"valueName\":\"search_term_string\"}}],\"inLanguage\":\"en-US\"},{\"@type\":\"Organization\",\"@id\":\"https:\\\/\\\/minaapp.com\\\/for-providers\\\/#organization\",\"name\":\"MINA App for Providers\",\"url\":\"https:\\\/\\\/minaapp.com\\\/for-providers\\\/\",\"logo\":{\"@type\":\"ImageObject\",\"inLanguage\":\"en-US\",\"@id\":\"https:\\\/\\\/minaapp.com\\\/for-providers\\\/#\\\/schema\\\/logo\\\/image\\\/\",\"url\":\"https:\\\/\\\/minaapp.com\\\/for-providers\\\/wp-content\\\/uploads\\\/2022\\\/03\\\/MINA_Logo_tag_horizontal-2.png\",\"contentUrl\":\"https:\\\/\\\/minaapp.com\\\/for-providers\\\/wp-content\\\/uploads\\\/2022\\\/03\\\/MINA_Logo_tag_horizontal-2.png\",\"width\":296,\"height\":70,\"caption\":\"MINA App for Providers\"},\"image\":{\"@id\":\"https:\\\/\\\/minaapp.com\\\/for-providers\\\/#\\\/schema\\\/logo\\\/image\\\/\"},\"sameAs\":[\"https:\\\/\\\/www.facebook.com\\\/MNA-Health-411349269052233\\\/\",\"https:\\\/\\\/x.com\\\/MINAHealth\"]}]}<\/script>\n<!-- \/ Yoast SEO plugin. -->","yoast_head_json":{"title":"M\u012aNA Providers - MINA For Providers","description":"M\u012aNA Providers. When the patient visits their health care provider, they present their personalized QR image.","robots":{"index":"index","follow":"follow","max-snippet":"max-snippet:-1","max-image-preview":"max-image-preview:large","max-video-preview":"max-video-preview:-1"},"canonical":"https:\/\/minaapp.com\/for-providers\/","og_locale":"en_US","og_type":"article","og_title":"M\u012aNA Providers - MINA For Providers","og_description":"M\u012aNA Providers. When the patient visits their health care provider, they present their personalized QR image.","og_url":"https:\/\/minaapp.com\/for-providers\/","og_site_name":"MINA For Providers","article_publisher":"https:\/\/www.facebook.com\/MNA-Health-411349269052233\/","article_modified_time":"2026-03-10T17:52:33+00:00","twitter_card":"summary_large_image","twitter_site":"@MINAHealth","twitter_misc":{"Est. reading time":"3 minutes"},"schema":{"@context":"https:\/\/schema.org","@graph":[{"@type":"WebPage","@id":"https:\/\/minaapp.com\/for-providers\/","url":"https:\/\/minaapp.com\/for-providers\/","name":"M\u012aNA Providers - MINA For Providers","isPartOf":{"@id":"https:\/\/minaapp.com\/for-providers\/#website"},"datePublished":"2015-11-24T12:06:23+00:00","dateModified":"2026-03-10T17:52:33+00:00","description":"M\u012aNA Providers. When the patient visits their health care provider, they present their personalized QR image.","breadcrumb":{"@id":"https:\/\/minaapp.com\/for-providers\/#breadcrumb"},"inLanguage":"en-US","potentialAction":[{"@type":"ReadAction","target":["https:\/\/minaapp.com\/for-providers\/"]}]},{"@type":"BreadcrumbList","@id":"https:\/\/minaapp.com\/for-providers\/#breadcrumb","itemListElement":[{"@type":"ListItem","position":1,"name":"Home","item":"https:\/\/minaapp.com\/for-providers\/"},{"@type":"ListItem","position":2,"name":"M\u012aNA Providers"}]},{"@type":"WebSite","@id":"https:\/\/minaapp.com\/for-providers\/#website","url":"https:\/\/minaapp.com\/for-providers\/","name":"MINA For Providers","description":"Innovating Your Health Blueprint","publisher":{"@id":"https:\/\/minaapp.com\/for-providers\/#organization"},"potentialAction":[{"@type":"SearchAction","target":{"@type":"EntryPoint","urlTemplate":"https:\/\/minaapp.com\/for-providers\/?s={search_term_string}"},"query-input":{"@type":"PropertyValueSpecification","valueRequired":true,"valueName":"search_term_string"}}],"inLanguage":"en-US"},{"@type":"Organization","@id":"https:\/\/minaapp.com\/for-providers\/#organization","name":"MINA App for Providers","url":"https:\/\/minaapp.com\/for-providers\/","logo":{"@type":"ImageObject","inLanguage":"en-US","@id":"https:\/\/minaapp.com\/for-providers\/#\/schema\/logo\/image\/","url":"https:\/\/minaapp.com\/for-providers\/wp-content\/uploads\/2022\/03\/MINA_Logo_tag_horizontal-2.png","contentUrl":"https:\/\/minaapp.com\/for-providers\/wp-content\/uploads\/2022\/03\/MINA_Logo_tag_horizontal-2.png","width":296,"height":70,"caption":"MINA App for Providers"},"image":{"@id":"https:\/\/minaapp.com\/for-providers\/#\/schema\/logo\/image\/"},"sameAs":["https:\/\/www.facebook.com\/MNA-Health-411349269052233\/","https:\/\/x.com\/MINAHealth"]}]}},"_links":{"self":[{"href":"https:\/\/minaapp.com\/for-providers\/wp-json\/wp\/v2\/pages\/2080","targetHints":{"allow":["GET"]}}],"collection":[{"href":"https:\/\/minaapp.com\/for-providers\/wp-json\/wp\/v2\/pages"}],"about":[{"href":"https:\/\/minaapp.com\/for-providers\/wp-json\/wp\/v2\/types\/page"}],"author":[{"embeddable":true,"href":"https:\/\/minaapp.com\/for-providers\/wp-json\/wp\/v2\/users\/1"}],"replies":[{"embeddable":true,"href":"https:\/\/minaapp.com\/for-providers\/wp-json\/wp\/v2\/comments?post=2080"}],"version-history":[{"count":5,"href":"https:\/\/minaapp.com\/for-providers\/wp-json\/wp\/v2\/pages\/2080\/revisions"}],"predecessor-version":[{"id":5581,"href":"https:\/\/minaapp.com\/for-providers\/wp-json\/wp\/v2\/pages\/2080\/revisions\/5581"}],"wp:attachment":[{"href":"https:\/\/minaapp.com\/for-providers\/wp-json\/wp\/v2\/media?parent=2080"}],"curies":[{"name":"wp","href":"https:\/\/api.w.org\/{rel}","templated":true}]}}